{"id":1302,"date":"2025-02-25T19:07:18","date_gmt":"2025-02-25T19:07:18","guid":{"rendered":"https:\/\/fullecom.com\/tr\/?page_id=1302"},"modified":"2025-02-25T19:07:19","modified_gmt":"2025-02-25T19:07:19","slug":"sitemap-site-haritasi","status":"publish","type":"page","link":"https:\/\/fullecom.com\/tr\/sitemap-site-haritasi\/","title":{"rendered":"Sitemap (Site Haritas\u0131)"},"content":{"rendered":"<ul class=\"wp-block-page-list\"><li class=\"wp-block-pages-list__item\"><a class=\"wp-block-pages-list__item__link\" href=\"https:\/\/fullecom.com\/tr\/amazon-danismanligi-ve-hesap-yonetimi\/\">Amazon Dan\u0131\u015fmanl\u0131\u011f\u0131 ve Hesap Y\u00f6netimi<\/a><\/li><li class=\"wp-block-pages-list__item\"><a class=\"wp-block-pages-list__item__link\" href=\"https:\/\/fullecom.com\/tr\/amazon-danismanligi-isinizi-basariya-tasiyan-onemli-adim\/\">Amazon Dan\u0131\u015fmanl\u0131\u011f\u0131: \u0130\u015finizi Ba\u015far\u0131ya Ta\u015f\u0131yan \u00d6nemli Ad\u0131m<\/a><\/li><li class=\"wp-block-pages-list__item menu-item-home\"><a class=\"wp-block-pages-list__item__link\" href=\"https:\/\/fullecom.com\/tr\/\">Ana Sayfa<\/a><\/li><li class=\"wp-block-pages-list__item\"><a class=\"wp-block-pages-list__item__link\" href=\"https:\/\/fullecom.com\/tr\/blog\/\">Blog<\/a><\/li><li class=\"wp-block-pages-list__item\"><a class=\"wp-block-pages-list__item__link\" href=\"https:\/\/fullecom.com\/tr\/e-ticaret-danismanligi\/\">E Ticaret Dan\u0131\u015fmanl\u0131\u011f\u0131<\/a><\/li><li class=\"wp-block-pages-list__item\"><a class=\"wp-block-pages-list__item__link\" href=\"https:\/\/fullecom.com\/tr\/ebay-hesap-yonetimi\/\">eBay Hesap Y\u00f6netimi<\/a><\/li><li class=\"wp-block-pages-list__item\"><a class=\"wp-block-pages-list__item__link\" href=\"https:\/\/fullecom.com\/tr\/etsy-hesap-yonetimi\/\">ETSY Hesap Y\u00f6netimi<\/a><\/li><li class=\"wp-block-pages-list__item\"><a class=\"wp-block-pages-list__item__link\" href=\"https:\/\/fullecom.com\/tr\/akademi\/\">Fullecom Akademi E Ticaret E\u011fitimi<\/a><\/li><li class=\"wp-block-pages-list__item\"><a class=\"wp-block-pages-list__item__link\" href=\"https:\/\/fullecom.com\/tr\/gizlilik-politikasi\/\">Gizlilik Politikas\u0131<\/a><\/li><li class=\"wp-block-pages-list__item\"><a class=\"wp-block-pages-list__item__link\" href=\"https:\/\/fullecom.com\/tr\/hakkimizda\/\">Hakk\u0131m\u0131zda<\/a><\/li><li class=\"wp-block-pages-list__item\"><a class=\"wp-block-pages-list__item__link\" href=\"https:\/\/fullecom.com\/tr\/hizmet-sartlari\/\">Hizmet \u015eartlar\u0131<\/a><\/li><li class=\"wp-block-pages-list__item\"><a class=\"wp-block-pages-list__item__link\" href=\"https:\/\/fullecom.com\/tr\/iletisim\/\">\u0130leti\u015fim<\/a><\/li><li class=\"wp-block-pages-list__item\"><a class=\"wp-block-pages-list__item__link\" href=\"https:\/\/fullecom.com\/tr\/shopify-hesap-yonetimi\/\">Shopify Hesap Y\u00f6netimi<\/a><\/li><li class=\"wp-block-pages-list__item\"><a class=\"wp-block-pages-list__item__link\" href=\"https:\/\/fullecom.com\/tr\/sitemap-site-haritasi\/\">Sitemap (Site Haritas\u0131)<\/a><\/li><li class=\"wp-block-pages-list__item\"><a class=\"wp-block-pages-list__item__link\" href=\"https:\/\/fullecom.com\/tr\/sosyal-medya-pazarlama-ve-reklamciligi\/\">Sosyal Medya Pazarlama ve Reklamc\u0131l\u0131\u011f\u0131<\/a><\/li><li class=\"wp-block-pages-list__item\"><a class=\"wp-block-pages-list__item__link\" href=\"https:\/\/fullecom.com\/tr\/sss\/\">SSS<\/a><\/li><\/ul>\n\n<ul class=\"wp-block-latest-posts__list wp-block-latest-posts\"><li><a class=\"wp-block-latest-posts__post-title\" href=\"https:\/\/fullecom.com\/tr\/you-may-not-create-a-new-asin-for-this-brand-hatasi-cozumu\/\">You May Not Create a New ASIN for This Brand Hatas\u0131 \u00c7\u00f6z\u00fcm\u00fc<\/a><\/li>\n<li><a class=\"wp-block-latest-posts__post-title\" href=\"https:\/\/fullecom.com\/tr\/shopify-seo-ajansi-aramalariniza-fullecom-cozum-olabilir\/\">Shopify SEO Ajans\u0131 Aramalar\u0131n\u0131za Fullecom \u00c7\u00f6z\u00fcm Olabilir!<\/a><\/li>\n<li><a class=\"wp-block-latest-posts__post-title\" href=\"https:\/\/fullecom.com\/tr\/etsyde-nasil-dijital-urun-satabilirsiniz-faydali-rehber\/\">Etsy&#8217;de Nas\u0131l Dijital \u00dcr\u00fcn Satabilirsiniz? Faydal\u0131 Rehber<\/a><\/li>\n<li><a class=\"wp-block-latest-posts__post-title\" href=\"https:\/\/fullecom.com\/tr\/amazonda-negatif-yorum-mu-aldiniz-endiselenmeyin\/\">Amazon\u2019da Negatif Yorum Mu Ald\u0131n\u0131z? Endi\u015felenmeyin!<\/a><\/li>\n<li><a class=\"wp-block-latest-posts__post-title\" href=\"https:\/\/fullecom.com\/tr\/amazonda-en-cok-satilan-urunler-bu-ipuclarini-kacirmayin\/\">Amazon&#8217;da En \u00c7ok Sat\u0131lan \u00dcr\u00fcnler: Bu \u0130pu\u00e7lar\u0131n\u0131 Ka\u00e7\u0131rmay\u0131n<\/a><\/li>\n<\/ul>\n\n<div class=\"kk-star-ratings kksr-auto kksr-align-center kksr-valign-bottom\"\n    data-payload='{&quot;align&quot;:&quot;center&quot;,&quot;id&quot;:&quot;1302&quot;,&quot;slug&quot;:&quot;default&quot;,&quot;valign&quot;:&quot;bottom&quot;,&quot;ignore&quot;:&quot;&quot;,&quot;reference&quot;:&quot;auto&quot;,&quot;class&quot;:&quot;&quot;,&quot;count&quot;:&quot;1&quot;,&quot;legendonly&quot;:&quot;&quot;,&quot;readonly&quot;:&quot;&quot;,&quot;score&quot;:&quot;5&quot;,&quot;starsonly&quot;:&quot;&quot;,&quot;best&quot;:&quot;5&quot;,&quot;gap&quot;:&quot;5&quot;,&quot;greet&quot;:&quot;Bu page Oyla&quot;,&quot;legend&quot;:&quot;5\\\/5 - (1 vote)&quot;,&quot;size&quot;:&quot;24&quot;,&quot;title&quot;:&quot;Sitemap (Site Haritas\u0131)&quot;,&quot;width&quot;:&quot;142.5&quot;,&quot;_legend&quot;:&quot;{score}\\\/{best} - ({count} {votes})&quot;,&quot;font_factor&quot;:&quot;1.25&quot;}'>\n            \n<div class=\"kksr-stars\">\n    \n<div class=\"kksr-stars-inactive\">\n            <div class=\"kksr-star\" data-star=\"1\" style=\"padding-right: 5px\">\n            \n\n<div class=\"kksr-icon\" style=\"width: 24px; height: 24px;\"><\/div>\n        <\/div>\n            <div class=\"kksr-star\" data-star=\"2\" style=\"padding-right: 5px\">\n            \n\n<div class=\"kksr-icon\" style=\"width: 24px; height: 24px;\"><\/div>\n        <\/div>\n            <div class=\"kksr-star\" data-star=\"3\" style=\"padding-right: 5px\">\n            \n\n<div class=\"kksr-icon\" style=\"width: 24px; height: 24px;\"><\/div>\n        <\/div>\n            <div class=\"kksr-star\" data-star=\"4\" style=\"padding-right: 5px\">\n            \n\n<div class=\"kksr-icon\" style=\"width: 24px; height: 24px;\"><\/div>\n        <\/div>\n            <div class=\"kksr-star\" data-star=\"5\" style=\"padding-right: 5px\">\n            \n\n<div class=\"kksr-icon\" style=\"width: 24px; height: 24px;\"><\/div>\n        <\/div>\n    <\/div>\n    \n<div class=\"kksr-stars-active\" style=\"width: 142.5px;\">\n            <div class=\"kksr-star\" style=\"padding-right: 5px\">\n            \n\n<div class=\"kksr-icon\" style=\"width: 24px; height: 24px;\"><\/div>\n        <\/div>\n            <div class=\"kksr-star\" style=\"padding-right: 5px\">\n            \n\n<div class=\"kksr-icon\" style=\"width: 24px; height: 24px;\"><\/div>\n        <\/div>\n            <div class=\"kksr-star\" style=\"padding-right: 5px\">\n            \n\n<div class=\"kksr-icon\" style=\"width: 24px; height: 24px;\"><\/div>\n        <\/div>\n            <div class=\"kksr-star\" style=\"padding-right: 5px\">\n            \n\n<div class=\"kksr-icon\" style=\"width: 24px; height: 24px;\"><\/div>\n        <\/div>\n            <div class=\"kksr-star\" style=\"padding-right: 5px\">\n            \n\n<div class=\"kksr-icon\" style=\"width: 24px; height: 24px;\"><\/div>\n        <\/div>\n    <\/div>\n<\/div>\n                \n\n<div class=\"kksr-legend\" style=\"font-size: 19.2px;\">\n            5\/5 - (1 vote)    <\/div>\n    <\/div>\n","protected":false},"excerpt":{"rendered":"","protected":false},"author":2,"featured_media":0,"parent":0,"menu_order":0,"comment_status":"closed","ping_status":"closed","template":"","meta":{"footnotes":""},"class_list":["post-1302","page","type-page","status-publish","hentry"],"_links":{"self":[{"href":"https:\/\/fullecom.com\/tr\/wp-json\/wp\/v2\/pages\/1302","targetHints":{"allow":["GET"]}}],"collection":[{"href":"https:\/\/fullecom.com\/tr\/wp-json\/wp\/v2\/pages"}],"about":[{"href":"https:\/\/fullecom.com\/tr\/wp-json\/wp\/v2\/types\/page"}],"author":[{"embeddable":true,"href":"https:\/\/fullecom.com\/tr\/wp-json\/wp\/v2\/users\/2"}],"replies":[{"embeddable":true,"href":"https:\/\/fullecom.com\/tr\/wp-json\/wp\/v2\/comments?post=1302"}],"version-history":[{"count":0,"href":"https:\/\/fullecom.com\/tr\/wp-json\/wp\/v2\/pages\/1302\/revisions"}],"wp:attachment":[{"href":"https:\/\/fullecom.com\/tr\/wp-json\/wp\/v2\/media?parent=1302"}],"curies":[{"name":"wp","href":"https:\/\/api.w.org\/{rel}","templated":true}]}}